{"id":110,"date":"2020-03-30T14:23:07","date_gmt":"2020-03-30T14:23:07","guid":{"rendered":"https:\/\/bridge350.qodeinteractive.com\/?page_id=110"},"modified":"2026-04-09T07:58:44","modified_gmt":"2026-04-09T07:58:44","slug":"about","status":"publish","type":"page","link":"https:\/\/echoeseffect.com\/en\/about\/","title":{"rendered":"About"},"content":{"rendered":"<div data-elementor-type=\"wp-page\" data-elementor-id=\"110\" class=\"elementor elementor-110\">\n\t\t\t\t\t\t<section class=\"elementor-section elementor-top-section elementor-element elementor-element-e56e987 elementor-section-full_width qode_elementor_container_inner elementor-hidden-desktop elementor-section-height-default elementor-section-height-default parallax_section_no\" data-id=\"e56e987\" data-element_type=\"section\" data-settings=\"{&quot;background_background&quot;:&quot;gradient&quot;}\">\n\t\t\t\t\t\t<div class=\"elementor-container elementor-column-gap-no\">\n\t\t\t\t\t<div class=\"elementor-column elementor-col-50 elementor-top-column elementor-element elementor-element-73e84203\" data-id=\"73e84203\" data-element_type=\"column\">\n\t\t\t<div class=\"elementor-widget-wrap elementor-element-populated\">\n\t\t\t\t\t\t<div class=\"elementor-element elementor-element-3447370 elementor-widget elementor-widget-text-editor\" data-id=\"3447370\" data-element_type=\"widget\" data-widget_type=\"text-editor.default\">\n\t\t\t\t\t\t\t\t\t<h3>About<\/h3>\t\t\t\t\t\t\t\t<\/div>\n\t\t\t\t<div class=\"elementor-element elementor-element-5af2dcd elementor-widget-divider--view-line elementor-widget elementor-widget-divider\" data-id=\"5af2dcd\" data-element_type=\"widget\" data-widget_type=\"divider.default\">\n\t\t\t\t\t\t\t<div class=\"elementor-divider\">\n\t\t\t<span class=\"elementor-divider-separator\">\n\t\t\t\t\t\t<\/span>\n\t\t<\/div>\n\t\t\t\t\t\t<\/div>\n\t\t\t\t<div class=\"elementor-element elementor-element-e0b4c95 elementor-widget-mobile__width-initial elementor-widget elementor-widget-text-editor\" data-id=\"e0b4c95\" data-element_type=\"widget\" data-widget_type=\"text-editor.default\">\n\t\t\t\t\t\t\t\t\t<h6>Echoes Effect is supported by the International Olympic Committee through the <a href=\"https:\/\/www.olympics.com\/ioc\/young-leaders\" target=\"_blank\" rel=\"noopener\"><span style=\"text-decoration: underline;\">IOC Young Leaders Programme<\/span><\/a> , in collaboration with <a href=\"https:\/\/www.olympics.com\/ioc\/olympism365\" target=\"_blank\" rel=\"noopener\"><span style=\"text-decoration: underline;\">Olympism 365<\/span><\/a>.<\/h6><h6>\u00a0<\/h6>\t\t\t\t\t\t\t\t<\/div>\n\t\t\t\t<div class=\"elementor-element elementor-element-450a9ef elementor-widget-mobile__width-initial elementor-widget elementor-widget-image\" data-id=\"450a9ef\" data-element_type=\"widget\" data-widget_type=\"image.default\">\n\t\t\t\t\t\t\t\t\t\t\t\t\t\t\t\t<a href=\"https:\/\/www.olympics.com\/ioc\/young-leaders\">\n\t\t\t\t\t\t\t<img fetchpriority=\"high\" decoding=\"async\" width=\"1560\" height=\"2342\" src=\"https:\/\/echoeseffect.com\/wp-content\/uploads\/2025\/10\/IOCYL_O365_L1_Lockup_V_Col_RGB_WOPAN238.png\" class=\"attachment-full size-full wp-image-611\" alt=\"\" srcset=\"https:\/\/echoeseffect.com\/wp-content\/uploads\/2025\/10\/IOCYL_O365_L1_Lockup_V_Col_RGB_WOPAN238.png 1560w, https:\/\/echoeseffect.com\/wp-content\/uploads\/2025\/10\/IOCYL_O365_L1_Lockup_V_Col_RGB_WOPAN238-200x300.png 200w, https:\/\/echoeseffect.com\/wp-content\/uploads\/2025\/10\/IOCYL_O365_L1_Lockup_V_Col_RGB_WOPAN238-682x1024.png 682w, https:\/\/echoeseffect.com\/wp-content\/uploads\/2025\/10\/IOCYL_O365_L1_Lockup_V_Col_RGB_WOPAN238-768x1153.png 768w, https:\/\/echoeseffect.com\/wp-content\/uploads\/2025\/10\/IOCYL_O365_L1_Lockup_V_Col_RGB_WOPAN238-1023x1536.png 1023w, https:\/\/echoeseffect.com\/wp-content\/uploads\/2025\/10\/IOCYL_O365_L1_Lockup_V_Col_RGB_WOPAN238-1364x2048.png 1364w, https:\/\/echoeseffect.com\/wp-content\/uploads\/2025\/10\/IOCYL_O365_L1_Lockup_V_Col_RGB_WOPAN238-700x1051.png 700w\" sizes=\"(max-width: 1560px) 100vw, 1560px\" \/>\t\t\t\t\t\t\t\t<\/a>\n\t\t\t\t\t\t\t\t\t\t\t\t\t\t\t<\/div>\n\t\t\t\t<div class=\"elementor-element elementor-element-833ef00 elementor-widget elementor-widget-text-editor\" data-id=\"833ef00\" data-element_type=\"widget\" data-widget_type=\"text-editor.default\">\n\t\t\t\t\t\t\t\t\t<h6>\u00a0<\/h6><h6><span style=\"letter-spacing: 0px;\">It\u2019s the first initiative of its kind in Poland, created with the belief that storytelling can inspire change and that sport connects, gives voice, and draws attention to the issues that truly matter.\nThe project aims to reach far beyond borders.<\/span><\/h6><p>\u00a0<\/p><h6>Read more about Echoes Effect at <a href=\"https:\/\/www.olympics.com\/ioc\/young-leaders\/marta-gorczynska\" target=\"_blank\" rel=\"noopener\"><span style=\"text-decoration: underline;\">olympics.com<\/span><\/a><\/h6><h6>\u00a0<\/h6>\t\t\t\t\t\t\t\t<\/div>\n\t\t\t\t\t<\/div>\n\t\t<\/div>\n\t\t\t\t<div class=\"elementor-column elementor-col-50 elementor-top-column elementor-element elementor-element-32bfe70\" data-id=\"32bfe70\" data-element_type=\"column\">\n\t\t\t<div class=\"elementor-widget-wrap\">\n\t\t\t\t\t\t\t<\/div>\n\t\t<\/div>\n\t\t\t\t\t<\/div>\n\t\t<\/section>\n\t\t\t\t<section class=\"elementor-section elementor-top-section elementor-element elementor-element-40c3194 elementor-section-full_width qode_elementor_container_inner elementor-hidden-tablet elementor-hidden-mobile elementor-section-height-default elementor-section-height-default parallax_section_no\" data-id=\"40c3194\" data-element_type=\"section\" data-settings=\"{&quot;background_background&quot;:&quot;gradient&quot;}\">\n\t\t\t\t\t\t<div class=\"elementor-container elementor-column-gap-no\">\n\t\t\t\t\t<div class=\"elementor-column elementor-col-50 elementor-top-column elementor-element elementor-element-ff20594\" data-id=\"ff20594\" data-element_type=\"column\">\n\t\t\t<div class=\"elementor-widget-wrap elementor-element-populated\">\n\t\t\t\t\t\t<div class=\"elementor-element elementor-element-9160c65 elementor-widget elementor-widget-text-editor\" data-id=\"9160c65\" data-element_type=\"widget\" data-widget_type=\"text-editor.default\">\n\t\t\t\t\t\t\t\t\t<h3>About<\/h3>\t\t\t\t\t\t\t\t<\/div>\n\t\t\t\t<div class=\"elementor-element elementor-element-1d89cee elementor-widget-mobile__width-initial elementor-widget elementor-widget-text-editor\" data-id=\"1d89cee\" data-element_type=\"widget\" data-widget_type=\"text-editor.default\">\n\t\t\t\t\t\t\t\t\t<h6>Echoes Effect is supported by the International Olympic Committee through the <a href=\"https:\/\/www.olympics.com\/ioc\/young-leaders\" target=\"_blank\" rel=\"noopener\"><span style=\"text-decoration: underline;\">IOC Young Leaders Programme<\/span><\/a> , in collaboration with <a href=\"https:\/\/www.olympics.com\/ioc\/olympism365\" target=\"_blank\" rel=\"noopener\"><span style=\"text-decoration: underline;\">Olympism 365<\/span><\/a>.<\/h6><h6>\u00a0<\/h6>\t\t\t\t\t\t\t\t<\/div>\n\t\t\t\t<div class=\"elementor-element elementor-element-9d057a2 elementor-widget elementor-widget-text-editor\" data-id=\"9d057a2\" data-element_type=\"widget\" data-widget_type=\"text-editor.default\">\n\t\t\t\t\t\t\t\t\t<h6>\u00a0<\/h6><h6><span style=\"letter-spacing: 0px;\">It\u2019s the first initiative of its kind in Poland, created with the belief that storytelling can inspire change and that sport connects, gives voice, and draws attention to the issues that truly matter.\nThe project aims to reach far beyond borders.<\/span><\/h6><h6><br \/>Read more about Echoes Effect at <a href=\"https:\/\/www.olympics.com\/ioc\/young-leaders\/marta-gorczynska\" target=\"_blank\" rel=\"noopener\"><span style=\"text-decoration: underline;\">olympics.com<\/span><\/a><\/h6><h6>\u00a0<\/h6>\t\t\t\t\t\t\t\t<\/div>\n\t\t\t\t\t<\/div>\n\t\t<\/div>\n\t\t\t\t<div class=\"elementor-column elementor-col-50 elementor-top-column elementor-element elementor-element-d04360a\" data-id=\"d04360a\" data-element_type=\"column\">\n\t\t\t<div class=\"elementor-widget-wrap elementor-element-populated\">\n\t\t\t\t\t\t<div class=\"elementor-element elementor-element-3e3fb5f elementor-widget-mobile__width-initial elementor-widget elementor-widget-image\" data-id=\"3e3fb5f\" data-element_type=\"widget\" data-widget_type=\"image.default\">\n\t\t\t\t\t\t\t\t\t\t\t\t\t\t\t\t<a href=\"https:\/\/www.olympics.com\/ioc\/young-leaders\">\n\t\t\t\t\t\t\t<img fetchpriority=\"high\" decoding=\"async\" width=\"1560\" height=\"2342\" src=\"https:\/\/echoeseffect.com\/wp-content\/uploads\/2025\/10\/IOCYL_O365_L1_Lockup_V_Col_RGB_WOPAN238.png\" class=\"attachment-full size-full wp-image-611\" alt=\"\" srcset=\"https:\/\/echoeseffect.com\/wp-content\/uploads\/2025\/10\/IOCYL_O365_L1_Lockup_V_Col_RGB_WOPAN238.png 1560w, https:\/\/echoeseffect.com\/wp-content\/uploads\/2025\/10\/IOCYL_O365_L1_Lockup_V_Col_RGB_WOPAN238-200x300.png 200w, https:\/\/echoeseffect.com\/wp-content\/uploads\/2025\/10\/IOCYL_O365_L1_Lockup_V_Col_RGB_WOPAN238-682x1024.png 682w, https:\/\/echoeseffect.com\/wp-content\/uploads\/2025\/10\/IOCYL_O365_L1_Lockup_V_Col_RGB_WOPAN238-768x1153.png 768w, https:\/\/echoeseffect.com\/wp-content\/uploads\/2025\/10\/IOCYL_O365_L1_Lockup_V_Col_RGB_WOPAN238-1023x1536.png 1023w, https:\/\/echoeseffect.com\/wp-content\/uploads\/2025\/10\/IOCYL_O365_L1_Lockup_V_Col_RGB_WOPAN238-1364x2048.png 1364w, https:\/\/echoeseffect.com\/wp-content\/uploads\/2025\/10\/IOCYL_O365_L1_Lockup_V_Col_RGB_WOPAN238-700x1051.png 700w\" sizes=\"(max-width: 1560px) 100vw, 1560px\" \/>\t\t\t\t\t\t\t\t<\/a>\n\t\t\t\t\t\t\t\t\t\t\t\t\t\t\t<\/div>\n\t\t\t\t\t<\/div>\n\t\t<\/div>\n\t\t\t\t\t<\/div>\n\t\t<\/section>\n\t\t\t\t<section class=\"elementor-section elementor-top-section elementor-element elementor-element-ecb1a87 elementor-section-full_width qode_elementor_container_inner elementor-section-height-default elementor-section-height-default parallax_section_no\" data-id=\"ecb1a87\" data-element_type=\"section\">\n\t\t\t\t\t\t<div class=\"elementor-container elementor-column-gap-no\">\n\t\t\t\t\t<div class=\"elementor-column elementor-col-100 elementor-top-column elementor-element elementor-element-b01e770\" data-id=\"b01e770\" data-element_type=\"column\">\n\t\t\t<div class=\"elementor-widget-wrap elementor-element-populated\">\n\t\t\t\t\t\t<div class=\"elementor-element elementor-element-b5ec8bd elementor-widget elementor-widget-text-editor\" data-id=\"b5ec8bd\" data-element_type=\"widget\" data-widget_type=\"text-editor.default\">\n\t\t\t\t\t\t\t\t\t<h4>Why <em>Echoes Effect<\/em>?<\/h4>\t\t\t\t\t\t\t\t<\/div>\n\t\t\t\t<div class=\"elementor-element elementor-element-44cb8c8 elementor-widget elementor-widget-text-editor\" data-id=\"44cb8c8\" data-element_type=\"widget\" data-widget_type=\"text-editor.default\">\n\t\t\t\t\t\t\t\t\t<h6>The name Echoes is about sharing voices and stories that deserve to be heard.\nBut the Echoes Effect isn\u2019t about the echo itself - it\u2019s about what happens after.\nAn echo gives voice to the unheard, carrying stories further. It\u2019s a process that grows and changes over time, where even the smallest story can travel far and reach many.<\/h6><div style=\"position: absolute; filter: alpha(opacity=0); opacity: 0.001; z-index: 10;\"><a href=\"https:\/\/www.repwatches.cz\/Collection\/hublot\/\"><strong>replica hublot watches<\/strong><\/a><\/div><h6>The project is built on the belief that the stories we tell today can shape tomorrow.<\/h6>\t\t\t\t\t\t\t\t<\/div>\n\t\t\t\t\t<\/div>\n\t\t<\/div>\n\t\t\t\t\t<\/div>\n\t\t<\/section>\n\t\t\t\t<section class=\"elementor-section elementor-top-section elementor-element elementor-element-1cfd4905 qode_elementor_container_inner elementor-section-boxed elementor-section-height-default elementor-section-height-default parallax_section_no\" data-id=\"1cfd4905\" data-element_type=\"section\">\n\t\t\t\t\t\t<div class=\"elementor-container elementor-column-gap-no\">\n\t\t\t\t\t<div class=\"elementor-column elementor-col-100 elementor-top-column elementor-element elementor-element-5faba9a0\" data-id=\"5faba9a0\" data-element_type=\"column\">\n\t\t\t<div class=\"elementor-widget-wrap elementor-element-populated\">\n\t\t\t\t\t\t<div class=\"elementor-element elementor-element-39cbbfa5 elementor-widget elementor-widget-text-editor\" data-id=\"39cbbfa5\" data-element_type=\"widget\" data-widget_type=\"text-editor.default\">\n\t\t\t\t\t\t\t\t\t<h3>Plan<\/h3>\t\t\t\t\t\t\t\t<\/div>\n\t\t\t\t<div class=\"elementor-element elementor-element-3a5f52b elementor-widget-divider--view-line elementor-widget elementor-widget-divider\" data-id=\"3a5f52b\" data-element_type=\"widget\" data-widget_type=\"divider.default\">\n\t\t\t\t\t\t\t<div class=\"elementor-divider\">\n\t\t\t<span class=\"elementor-divider-separator\">\n\t\t\t\t\t\t<\/span>\n\t\t<\/div>\n\t\t\t\t\t\t<\/div>\n\t\t\t\t\t<\/div>\n\t\t<\/div>\n\t\t\t\t\t<\/div>\n\t\t<\/section>\n\t\t\t\t<section class=\"elementor-section elementor-top-section elementor-element elementor-element-10667e14 qode_elementor_container_inner elementor-section-boxed elementor-section-height-default elementor-section-height-default parallax_section_no\" data-id=\"10667e14\" data-element_type=\"section\">\n\t\t\t\t\t\t<div class=\"elementor-container elementor-column-gap-no\">\n\t\t\t\t\t<div class=\"elementor-column elementor-col-50 elementor-top-column elementor-element elementor-element-5bc05293\" data-id=\"5bc05293\" data-element_type=\"column\">\n\t\t\t<div class=\"elementor-widget-wrap elementor-element-populated\">\n\t\t\t\t\t\t<div class=\"elementor-element elementor-element-682f4408 elementor-widget elementor-widget-text-editor\" data-id=\"682f4408\" data-element_type=\"widget\" data-widget_type=\"text-editor.default\">\n\t\t\t\t\t\t\t\t\t<h6>2025<\/h6>\t\t\t\t\t\t\t\t<\/div>\n\t\t\t\t<div class=\"elementor-element elementor-element-53987505 elementor-widget elementor-widget-text-editor\" data-id=\"53987505\" data-element_type=\"widget\" data-widget_type=\"text-editor.default\">\n\t\t\t\t\t\t\t\t\t<h4>Spark<\/h4>\t\t\t\t\t\t\t\t<\/div>\n\t\t\t\t<div class=\"elementor-element elementor-element-5d2201f5 elementor-widget elementor-widget-text-editor\" data-id=\"5d2201f5\" data-element_type=\"widget\" data-widget_type=\"text-editor.default\">\n\t\t\t\t\t\t\t\t\t<h6>Testing ideas and exploring opportunities.<\/h6>\t\t\t\t\t\t\t\t<\/div>\n\t\t\t\t<div class=\"elementor-element elementor-element-58f55590 elementor-widget elementor-widget-text-editor\" data-id=\"58f55590\" data-element_type=\"widget\" data-widget_type=\"text-editor.default\">\n\t\t\t\t\t\t\t\t\t<h6>2026<\/h6>\t\t\t\t\t\t\t\t<\/div>\n\t\t\t\t<div class=\"elementor-element elementor-element-7b295bca elementor-widget elementor-widget-text-editor\" data-id=\"7b295bca\" data-element_type=\"widget\" data-widget_type=\"text-editor.default\">\n\t\t\t\t\t\t\t\t\t<h4>Practice<\/h4>\t\t\t\t\t\t\t\t<\/div>\n\t\t\t\t<div class=\"elementor-element elementor-element-4e23548d elementor-widget elementor-widget-text-editor\" data-id=\"4e23548d\" data-element_type=\"widget\" data-widget_type=\"text-editor.default\">\n\t\t\t\t\t\t\t\t\t<h6>Learning, sharing, and building skills.<\/h6>\t\t\t\t\t\t\t\t<\/div>\n\t\t\t\t\t<\/div>\n\t\t<\/div>\n\t\t\t\t<div class=\"elementor-column elementor-col-50 elementor-top-column elementor-element elementor-element-7c6bb97e\" data-id=\"7c6bb97e\" data-element_type=\"column\">\n\t\t\t<div class=\"elementor-widget-wrap elementor-element-populated\">\n\t\t\t\t\t\t<div class=\"elementor-element elementor-element-385a0824 elementor-widget elementor-widget-text-editor\" data-id=\"385a0824\" data-element_type=\"widget\" data-widget_type=\"text-editor.default\">\n\t\t\t\t\t\t\t\t\t<h6>2027<\/h6>\t\t\t\t\t\t\t\t<\/div>\n\t\t\t\t<div class=\"elementor-element elementor-element-6c1b6846 elementor-widget elementor-widget-text-editor\" data-id=\"6c1b6846\" data-element_type=\"widget\" data-widget_type=\"text-editor.default\">\n\t\t\t\t\t\t\t\t\t<h4>Create<\/h4>\t\t\t\t\t\t\t\t<\/div>\n\t\t\t\t<div class=\"elementor-element elementor-element-5c1c6d9c elementor-widget elementor-widget-text-editor\" data-id=\"5c1c6d9c\" data-element_type=\"widget\" data-widget_type=\"text-editor.default\">\n\t\t\t\t\t\t\t\t\t<h6>Collaborations leading to larger initiatives.<\/h6>\t\t\t\t\t\t\t\t<\/div>\n\t\t\t\t<div class=\"elementor-element elementor-element-1f6bb8d elementor-widget elementor-widget-text-editor\" data-id=\"1f6bb8d\" data-element_type=\"widget\" data-widget_type=\"text-editor.default\">\n\t\t\t\t\t\t\t\t\t<h6>2028<\/h6>\t\t\t\t\t\t\t\t<\/div>\n\t\t\t\t<div class=\"elementor-element elementor-element-55f24d17 elementor-widget elementor-widget-text-editor\" data-id=\"55f24d17\" data-element_type=\"widget\" data-widget_type=\"text-editor.default\">\n\t\t\t\t\t\t\t\t\t<h4>Grow<\/h4>\t\t\t\t\t\t\t\t<\/div>\n\t\t\t\t<div class=\"elementor-element elementor-element-cc10fff elementor-widget elementor-widget-text-editor\" data-id=\"cc10fff\" data-element_type=\"widget\" data-widget_type=\"text-editor.default\">\n\t\t\t\t\t\t\t\t\t<h6>Setting the stage for the culminating creative project.<\/h6>\t\t\t\t\t\t\t\t<\/div>\n\t\t\t\t\t<\/div>\n\t\t<\/div>\n\t\t\t\t\t<\/div>\n\t\t<\/section>\n\t\t\t\t<\/div>","protected":false},"excerpt":{"rendered":"<p>O projekcie Echoes Effect jest wspierany przez Mi\u0119dzynarodowy Komitet Olimpijski w ramach IOC Young Leaders Programme we wsp\u00f3\u0142pracy z Olympism 365. \u00a0 \u00a0 To pierwszy tego rodzaju projekt w Polsce, kt\u00f3ry powsta\u0142 z przekonania, \u017ce historie maj\u0105 moc zmiany, a sport inspiruje, \u0142\u0105czy i potrafi&#8230;<\/p>","protected":false},"author":1,"featured_media":0,"parent":0,"menu_order":0,"comment_status":"closed","ping_status":"closed","template":"full_width.php","meta":{"footnotes":""},"class_list":["post-110","page","type-page","status-publish","hentry"],"_links":{"self":[{"href":"https:\/\/echoeseffect.com\/en\/wp-json\/wp\/v2\/pages\/110","targetHints":{"allow":["GET"]}}],"collection":[{"href":"https:\/\/echoeseffect.com\/en\/wp-json\/wp\/v2\/pages"}],"about":[{"href":"https:\/\/echoeseffect.com\/en\/wp-json\/wp\/v2\/types\/page"}],"author":[{"embeddable":true,"href":"https:\/\/echoeseffect.com\/en\/wp-json\/wp\/v2\/users\/1"}],"replies":[{"embeddable":true,"href":"https:\/\/echoeseffect.com\/en\/wp-json\/wp\/v2\/comments?post=110"}],"version-history":[{"count":165,"href":"https:\/\/echoeseffect.com\/en\/wp-json\/wp\/v2\/pages\/110\/revisions"}],"predecessor-version":[{"id":1408,"href":"https:\/\/echoeseffect.com\/en\/wp-json\/wp\/v2\/pages\/110\/revisions\/1408"}],"wp:attachment":[{"href":"https:\/\/echoeseffect.com\/en\/wp-json\/wp\/v2\/media?parent=110"}],"curies":[{"name":"wp","href":"https:\/\/api.w.org\/{rel}","templated":true}]}}