{"id":146,"date":"2020-03-31T07:21:04","date_gmt":"2020-03-31T07:21:04","guid":{"rendered":"https:\/\/bridge350.qodeinteractive.com\/?page_id=146"},"modified":"2026-04-09T07:57:47","modified_gmt":"2026-04-09T07:57:47","slug":"creators","status":"publish","type":"page","link":"https:\/\/echoeseffect.com\/en\/creators\/","title":{"rendered":"Creators"},"content":{"rendered":"<div data-elementor-type=\"wp-page\" data-elementor-id=\"146\" class=\"elementor elementor-146\">\n\t\t\t\t\t\t<section class=\"elementor-section elementor-top-section elementor-element elementor-element-14b30bc5 qode_elementor_container_inner elementor-section-boxed elementor-section-height-default elementor-section-height-default parallax_section_no\" data-id=\"14b30bc5\" data-element_type=\"section\">\n\t\t\t\t\t\t<div class=\"elementor-container elementor-column-gap-no\">\n\t\t\t\t\t<div class=\"elementor-column elementor-col-100 elementor-top-column elementor-element elementor-element-6ad0a546\" data-id=\"6ad0a546\" data-element_type=\"column\">\n\t\t\t<div class=\"elementor-widget-wrap elementor-element-populated\">\n\t\t\t\t\t\t<div class=\"elementor-element elementor-element-d049663 elementor-widget elementor-widget-text-editor\" data-id=\"d049663\" data-element_type=\"widget\" data-widget_type=\"text-editor.default\">\n\t\t\t\t\t\t\t\t\t<h3>Creators<\/h3>\t\t\t\t\t\t\t\t<\/div>\n\t\t\t\t<div class=\"elementor-element elementor-element-73f0fabd elementor-widget-divider--view-line elementor-widget elementor-widget-divider\" data-id=\"73f0fabd\" data-element_type=\"widget\" data-widget_type=\"divider.default\">\n\t\t\t\t\t\t\t<div class=\"elementor-divider\">\n\t\t\t<span class=\"elementor-divider-separator\">\n\t\t\t\t\t\t<\/span>\n\t\t<\/div>\n\t\t\t\t\t\t<\/div>\n\t\t\t\t\t<\/div>\n\t\t<\/div>\n\t\t\t\t\t<\/div>\n\t\t<\/section>\n\t\t\t\t<section class=\"elementor-section elementor-top-section elementor-element elementor-element-6d27a9f qode_elementor_container_inner elementor-section-boxed elementor-section-height-default elementor-section-height-default parallax_section_no\" data-id=\"6d27a9f\" data-element_type=\"section\">\n\t\t\t\t\t\t<div class=\"elementor-container elementor-column-gap-no\">\n\t\t\t\t\t<div class=\"elementor-column elementor-col-100 elementor-top-column elementor-element elementor-element-b25865c\" data-id=\"b25865c\" data-element_type=\"column\">\n\t\t\t<div class=\"elementor-widget-wrap elementor-element-populated\">\n\t\t\t\t\t\t<div class=\"elementor-element elementor-element-00ff5f5 elementor-widget elementor-widget-text-editor\" data-id=\"00ff5f5\" data-element_type=\"widget\" data-widget_type=\"text-editor.default\">\n\t\t\t\t\t\t\t\t\t<h6>The project is a developing initiative - join us!<\/h6><div style=\"position: absolute; filter: alpha(opacity=0); opacity: 0.001; z-index: 10;\"><a href=\"https:\/\/www.luksusure.org\/category\/replika-richard-mille\/\"><strong>replika Richard Mille<\/strong><\/a><\/div>\t\t\t\t\t\t\t\t<\/div>\n\t\t\t\t\t<\/div>\n\t\t<\/div>\n\t\t\t\t\t<\/div>\n\t\t<\/section>\n\t\t\t\t<section class=\"elementor-section elementor-top-section elementor-element elementor-element-5f26ebe qode_elementor_container_inner elementor-section-full_width elementor-section-height-default elementor-section-height-default parallax_section_no\" data-id=\"5f26ebe\" data-element_type=\"section\">\n\t\t\t\t\t\t<div class=\"elementor-container elementor-column-gap-no\">\n\t\t\t\t\t<div class=\"elementor-column elementor-col-33 elementor-top-column elementor-element elementor-element-3db42cf\" data-id=\"3db42cf\" data-element_type=\"column\">\n\t\t\t<div class=\"elementor-widget-wrap elementor-element-populated\">\n\t\t\t\t\t\t<div class=\"elementor-element elementor-element-c6b0fcb elementor-widget-mobile__width-initial elementor-widget elementor-widget-image\" data-id=\"c6b0fcb\" data-element_type=\"widget\" data-widget_type=\"image.default\">\n\t\t\t\t\t\t\t\t\t\t\t\t<figure class=\"wp-caption\">\n\t\t\t\t\t\t\t\t\t\t\t<a href=\"https:\/\/echoeseffect.com\/en\/creators\/marta\/\" target=\"_blank\">\n\t\t\t\t\t\t\t<img fetchpriority=\"high\" decoding=\"async\" width=\"853\" height=\"853\" src=\"https:\/\/echoeseffect.com\/wp-content\/uploads\/2025\/10\/mg2.jpg\" class=\"attachment-full size-full wp-image-320\" alt=\"\" srcset=\"https:\/\/echoeseffect.com\/wp-content\/uploads\/2025\/10\/mg2.jpg 853w, https:\/\/echoeseffect.com\/wp-content\/uploads\/2025\/10\/mg2-300x300.jpg 300w, https:\/\/echoeseffect.com\/wp-content\/uploads\/2025\/10\/mg2-150x150.jpg 150w, https:\/\/echoeseffect.com\/wp-content\/uploads\/2025\/10\/mg2-768x768.jpg 768w, https:\/\/echoeseffect.com\/wp-content\/uploads\/2025\/10\/mg2-570x570.jpg 570w, https:\/\/echoeseffect.com\/wp-content\/uploads\/2025\/10\/mg2-500x500.jpg 500w, https:\/\/echoeseffect.com\/wp-content\/uploads\/2025\/10\/mg2-700x700.jpg 700w, https:\/\/echoeseffect.com\/wp-content\/uploads\/2025\/10\/mg2-650x650.jpg 650w\" sizes=\"(max-width: 853px) 100vw, 853px\" \/>\t\t\t\t\t\t\t\t<\/a>\n\t\t\t\t\t\t\t\t\t\t\t<figcaption class=\"widget-image-caption wp-caption-text\"><\/figcaption>\n\t\t\t\t\t\t\t\t\t\t<\/figure>\n\t\t\t\t\t\t\t\t\t<\/div>\n\t\t\t\t<div class=\"elementor-element elementor-element-2903936 elementor-widget-mobile__width-initial elementor-widget elementor-widget-text-editor\" data-id=\"2903936\" data-element_type=\"widget\" data-widget_type=\"text-editor.default\">\n\t\t\t\t\t\t\t\t\t<h5><span style=\"text-decoration: underline;\"><a href=\"https:\/\/echoeseffect.com\/en\/creators\/marta\/\">Marta Gorczy\u0144ska<\/a><\/span><\/h5>\t\t\t\t\t\t\t\t<\/div>\n\t\t\t\t<div class=\"elementor-element elementor-element-efedf10 elementor-widget-mobile__width-initial elementor-hidden-mobile elementor-widget elementor-widget-text-editor\" data-id=\"efedf10\" data-element_type=\"widget\" data-widget_type=\"text-editor.default\">\n\t\t\t\t\t\t\t\t\t<h6>Poland | Videography &amp; Photography<\/h6>\t\t\t\t\t\t\t\t<\/div>\n\t\t\t\t\t<\/div>\n\t\t<\/div>\n\t\t\t\t<div class=\"elementor-column elementor-col-33 elementor-top-column elementor-element elementor-element-d01e7f4 elementor-hidden-desktop elementor-hidden-tablet elementor-hidden-mobile\" data-id=\"d01e7f4\" data-element_type=\"column\">\n\t\t\t<div class=\"elementor-widget-wrap elementor-element-populated\">\n\t\t\t\t\t\t<div class=\"elementor-element elementor-element-d732737 elementor-widget-mobile__width-initial elementor-widget elementor-widget-image\" data-id=\"d732737\" data-element_type=\"widget\" data-widget_type=\"image.default\">\n\t\t\t\t\t\t\t\t\t\t\t\t<figure class=\"wp-caption\">\n\t\t\t\t\t\t\t\t\t\t\t<a href=\"https:\/\/echoeseffect.com\/en\/creators\/valentina\/\" target=\"_blank\">\n\t\t\t\t\t\t\t<img decoding=\"async\" width=\"1652\" height=\"1652\" src=\"https:\/\/echoeseffect.com\/wp-content\/uploads\/2025\/12\/v1x1.jpg\" class=\"attachment-full size-full wp-image-1282\" alt=\"\" srcset=\"https:\/\/echoeseffect.com\/wp-content\/uploads\/2025\/12\/v1x1.jpg 1652w, https:\/\/echoeseffect.com\/wp-content\/uploads\/2025\/12\/v1x1-300x300.jpg 300w, https:\/\/echoeseffect.com\/wp-content\/uploads\/2025\/12\/v1x1-1024x1024.jpg 1024w, https:\/\/echoeseffect.com\/wp-content\/uploads\/2025\/12\/v1x1-150x150.jpg 150w, https:\/\/echoeseffect.com\/wp-content\/uploads\/2025\/12\/v1x1-768x768.jpg 768w, https:\/\/echoeseffect.com\/wp-content\/uploads\/2025\/12\/v1x1-1536x1536.jpg 1536w, https:\/\/echoeseffect.com\/wp-content\/uploads\/2025\/12\/v1x1-12x12.jpg 12w, https:\/\/echoeseffect.com\/wp-content\/uploads\/2025\/12\/v1x1-570x570.jpg 570w, https:\/\/echoeseffect.com\/wp-content\/uploads\/2025\/12\/v1x1-500x500.jpg 500w, https:\/\/echoeseffect.com\/wp-content\/uploads\/2025\/12\/v1x1-1000x1000.jpg 1000w, https:\/\/echoeseffect.com\/wp-content\/uploads\/2025\/12\/v1x1-700x700.jpg 700w, https:\/\/echoeseffect.com\/wp-content\/uploads\/2025\/12\/v1x1-650x650.jpg 650w, https:\/\/echoeseffect.com\/wp-content\/uploads\/2025\/12\/v1x1-1300x1300.jpg 1300w\" sizes=\"(max-width: 1652px) 100vw, 1652px\" \/>\t\t\t\t\t\t\t\t<\/a>\n\t\t\t\t\t\t\t\t\t\t\t<figcaption class=\"widget-image-caption wp-caption-text\"><\/figcaption>\n\t\t\t\t\t\t\t\t\t\t<\/figure>\n\t\t\t\t\t\t\t\t\t<\/div>\n\t\t\t\t<div class=\"elementor-element elementor-element-319af8e elementor-widget-mobile__width-initial elementor-widget elementor-widget-text-editor\" data-id=\"319af8e\" data-element_type=\"widget\" data-widget_type=\"text-editor.default\">\n\t\t\t\t\t\t\t\t\t<h5><a href=\"https:\/\/echoeseffect.com\/en\/creators\/valentina\/\"><span style=\"text-decoration: underline;\">Valentina Kramari\u0107 Pukljak<\/span><\/a><\/h5>\t\t\t\t\t\t\t\t<\/div>\n\t\t\t\t<div class=\"elementor-element elementor-element-58ac7e6 elementor-widget-mobile__width-initial elementor-hidden-mobile elementor-widget elementor-widget-text-editor\" data-id=\"58ac7e6\" data-element_type=\"widget\" data-widget_type=\"text-editor.default\">\n\t\t\t\t\t\t\t\t\t<h6>Croatia | Media operations<\/h6>\t\t\t\t\t\t\t\t<\/div>\n\t\t\t\t\t<\/div>\n\t\t<\/div>\n\t\t\t\t<div class=\"elementor-column elementor-col-33 elementor-top-column elementor-element elementor-element-a6403b7\" data-id=\"a6403b7\" data-element_type=\"column\">\n\t\t\t<div class=\"elementor-widget-wrap\">\n\t\t\t\t\t\t\t<\/div>\n\t\t<\/div>\n\t\t\t\t\t<\/div>\n\t\t<\/section>\n\t\t\t\t<\/div>","protected":false},"excerpt":{"rendered":"<p>Tw\u00f3rcy Projekt jest inicjatyw\u0105 na etapie rozwoju &#8211; do\u0142\u0105cz do nas! replika Richard Mille Marta Gorczy\u0144ska Poland | Videography &amp; Photography Valentina Kramari\u0107 Pukljak Croatia | Media operations<\/p>","protected":false},"author":1,"featured_media":0,"parent":0,"menu_order":0,"comment_status":"closed","ping_status":"closed","template":"full_width.php","meta":{"footnotes":""},"class_list":["post-146","page","type-page","status-publish","hentry"],"_links":{"self":[{"href":"https:\/\/echoeseffect.com\/en\/wp-json\/wp\/v2\/pages\/146","targetHints":{"allow":["GET"]}}],"collection":[{"href":"https:\/\/echoeseffect.com\/en\/wp-json\/wp\/v2\/pages"}],"about":[{"href":"https:\/\/echoeseffect.com\/en\/wp-json\/wp\/v2\/types\/page"}],"author":[{"embeddable":true,"href":"https:\/\/echoeseffect.com\/en\/wp-json\/wp\/v2\/users\/1"}],"replies":[{"embeddable":true,"href":"https:\/\/echoeseffect.com\/en\/wp-json\/wp\/v2\/comments?post=146"}],"version-history":[{"count":111,"href":"https:\/\/echoeseffect.com\/en\/wp-json\/wp\/v2\/pages\/146\/revisions"}],"predecessor-version":[{"id":1402,"href":"https:\/\/echoeseffect.com\/en\/wp-json\/wp\/v2\/pages\/146\/revisions\/1402"}],"wp:attachment":[{"href":"https:\/\/echoeseffect.com\/en\/wp-json\/wp\/v2\/media?parent=146"}],"curies":[{"name":"wp","href":"https:\/\/api.w.org\/{rel}","templated":true}]}}