{"id":168,"date":"2020-03-31T08:27:57","date_gmt":"2020-03-31T08:27:57","guid":{"rendered":"https:\/\/bridge350.qodeinteractive.com\/?page_id=168"},"modified":"2026-04-09T07:57:24","modified_gmt":"2026-04-09T07:57:24","slug":"marta","status":"publish","type":"page","link":"https:\/\/echoeseffect.com\/en\/creators\/marta\/","title":{"rendered":"Marta"},"content":{"rendered":"<div data-elementor-type=\"wp-page\" data-elementor-id=\"168\" class=\"elementor elementor-168\">\n\t\t\t\t\t\t<section class=\"elementor-section elementor-top-section elementor-element elementor-element-1d5c997e qode_elementor_container_inner elementor-section-boxed elementor-section-height-default elementor-section-height-default parallax_section_no\" data-id=\"1d5c997e\" data-element_type=\"section\">\n\t\t\t\t\t\t<div class=\"elementor-container elementor-column-gap-no\">\n\t\t\t\t\t<div class=\"elementor-column elementor-col-100 elementor-top-column elementor-element elementor-element-2ea9110d\" data-id=\"2ea9110d\" data-element_type=\"column\">\n\t\t\t<div class=\"elementor-widget-wrap elementor-element-populated\">\n\t\t\t\t\t\t<div class=\"elementor-element elementor-element-48aa5a3a elementor-widget elementor-widget-text-editor\" data-id=\"48aa5a3a\" data-element_type=\"widget\" data-widget_type=\"text-editor.default\">\n\t\t\t\t\t\t\t\t\t<h3>Marta Gorczy\u0144ska<\/h3>\t\t\t\t\t\t\t\t<\/div>\n\t\t\t\t<div class=\"elementor-element elementor-element-5c2d6bb1 elementor-widget-divider--view-line elementor-widget elementor-widget-divider\" data-id=\"5c2d6bb1\" data-element_type=\"widget\" data-widget_type=\"divider.default\">\n\t\t\t\t\t\t\t<div class=\"elementor-divider\">\n\t\t\t<span class=\"elementor-divider-separator\">\n\t\t\t\t\t\t<\/span>\n\t\t<\/div>\n\t\t\t\t\t\t<\/div>\n\t\t\t\t<div class=\"elementor-element elementor-element-a7ebcce elementor-widget elementor-widget-text-editor\" data-id=\"a7ebcce\" data-element_type=\"widget\" data-widget_type=\"text-editor.default\">\n\t\t\t\t\t\t\t\t\t<h6>Poland | IOC Young Leader | Videography &amp; Photography<\/h6>\t\t\t\t\t\t\t\t<\/div>\n\t\t\t\t\t<\/div>\n\t\t<\/div>\n\t\t\t\t\t<\/div>\n\t\t<\/section>\n\t\t\t\t<section class=\"elementor-section elementor-top-section elementor-element elementor-element-2dc5ae02 elementor-section-full_width qode_elementor_container_inner elementor-section-height-default elementor-section-height-default parallax_section_no\" data-id=\"2dc5ae02\" data-element_type=\"section\">\n\t\t\t\t\t\t<div class=\"elementor-container elementor-column-gap-no\">\n\t\t\t\t\t<div class=\"elementor-column elementor-col-50 elementor-top-column elementor-element elementor-element-5e315fcc\" data-id=\"5e315fcc\" data-element_type=\"column\">\n\t\t\t<div class=\"elementor-widget-wrap elementor-element-populated\">\n\t\t\t\t\t\t<div class=\"elementor-element elementor-element-ffc0c23 elementor-widget elementor-widget-image\" data-id=\"ffc0c23\" data-element_type=\"widget\" data-widget_type=\"image.default\">\n\t\t\t\t\t\t\t\t\t\t\t\t\t\t\t<img fetchpriority=\"high\" decoding=\"async\" width=\"570\" height=\"570\" src=\"https:\/\/echoeseffect.com\/wp-content\/uploads\/2025\/10\/mg2-570x570.jpg\" class=\"attachment-portfolio-square size-portfolio-square wp-image-320\" alt=\"\" srcset=\"https:\/\/echoeseffect.com\/wp-content\/uploads\/2025\/10\/mg2-570x570.jpg 570w, https:\/\/echoeseffect.com\/wp-content\/uploads\/2025\/10\/mg2-300x300.jpg 300w, https:\/\/echoeseffect.com\/wp-content\/uploads\/2025\/10\/mg2-150x150.jpg 150w, https:\/\/echoeseffect.com\/wp-content\/uploads\/2025\/10\/mg2-768x768.jpg 768w, https:\/\/echoeseffect.com\/wp-content\/uploads\/2025\/10\/mg2-500x500.jpg 500w, https:\/\/echoeseffect.com\/wp-content\/uploads\/2025\/10\/mg2-700x700.jpg 700w, https:\/\/echoeseffect.com\/wp-content\/uploads\/2025\/10\/mg2-650x650.jpg 650w, https:\/\/echoeseffect.com\/wp-content\/uploads\/2025\/10\/mg2.jpg 853w\" sizes=\"(max-width: 570px) 100vw, 570px\" \/>\t\t\t\t\t\t\t\t\t\t\t\t\t\t\t<\/div>\n\t\t\t\t\t<\/div>\n\t\t<\/div>\n\t\t\t\t<div class=\"elementor-column elementor-col-50 elementor-top-column elementor-element elementor-element-0fed1f7\" data-id=\"0fed1f7\" data-element_type=\"column\">\n\t\t\t<div class=\"elementor-widget-wrap elementor-element-populated\">\n\t\t\t\t\t\t<div class=\"elementor-element elementor-element-1abe6a6 elementor-widget elementor-widget-text-editor\" data-id=\"1abe6a6\" data-element_type=\"widget\" data-widget_type=\"text-editor.default\">\n\t\t\t\t\t\t\t\t\t<h6>The entire project was born from a simple belief: if it manages to inspire even one person to tell a meaningful story \u2013 that will already be a success.<\/h6><h6>\u00a0<\/h6><h6>From training in race walking, through working as a sports photographer and creating content for social media, I also began my journey with video. I work as a freelance filmmaker and photographer at the world\u2019s biggest athletics events, collaborating with international federations, agencies, and leagues across broadcasting, social media, and marketing - always aiming to bring stories to life through visual storytelling.<\/h6><div style=\"position: absolute; filter: alpha(opacity=0); opacity: 0.001; z-index: 10;\"><a href=\"https:\/\/www.replicarolexuhr.to\/produkt-kategorie\/daytona\/\"><strong>replica rolex daytona<\/strong><\/a><\/div><h6>\u00a0<\/h6><h6>With Echoes Effect, I want to create a space for creators, dreamers, and enthusiasts, while opening the door to meaningful conversations about important topics in sport.<\/h6><h6>\u00a0<\/h6>\t\t\t\t\t\t\t\t<\/div>\n\t\t\t\t<div class=\"elementor-element elementor-element-4637dfe elementor-widget__width-auto elementor-widget elementor-widget-bridge_social_icons\" data-id=\"4637dfe\" data-element_type=\"widget\" data-widget_type=\"bridge_social_icons.default\">\n\t\t\t\t<div class=\"elementor-widget-container\">\n\t\t\t\t\t<span class='q_social_icon_holder normal_social' ><a itemprop='url' href='https:\/\/www.linkedin.com\/in\/martagorczynska' target='_blank'><i class=\"qode_icon_font_awesome fa fa-linkedin fa-lg simple_social\" style=\"\" ><\/i><\/a><\/span>\t\t\t\t<\/div>\n\t\t\t\t<\/div>\n\t\t\t\t<div class=\"elementor-element elementor-element-bd4d0b5 elementor-widget__width-auto elementor-widget elementor-widget-bridge_social_icons\" data-id=\"bd4d0b5\" data-element_type=\"widget\" data-widget_type=\"bridge_social_icons.default\">\n\t\t\t\t<div class=\"elementor-widget-container\">\n\t\t\t\t\t<span class='q_social_icon_holder normal_social' ><a itemprop='url' href='https:\/\/www.instagram.com\/xmgorczynska' target='_blank'><i class=\"qode_icon_font_awesome fa fa-instagram fa-lg simple_social\" style=\"\" ><\/i><\/a><\/span>\t\t\t\t<\/div>\n\t\t\t\t<\/div>\n\t\t\t\t\t<\/div>\n\t\t<\/div>\n\t\t\t\t\t<\/div>\n\t\t<\/section>\n\t\t\t\t<section class=\"elementor-section elementor-top-section elementor-element elementor-element-c73eeaa qode_elementor_container_inner elementor-section-boxed elementor-section-height-default elementor-section-height-default parallax_section_no\" data-id=\"c73eeaa\" data-element_type=\"section\">\n\t\t\t\t\t\t<div class=\"elementor-container elementor-column-gap-no\">\n\t\t\t\t\t<div class=\"elementor-column elementor-col-100 elementor-top-column elementor-element elementor-element-ed697ed\" data-id=\"ed697ed\" data-element_type=\"column\">\n\t\t\t<div class=\"elementor-widget-wrap elementor-element-populated\">\n\t\t\t\t\t\t<div class=\"elementor-element elementor-element-725708b elementor-widget elementor-widget-text-editor\" data-id=\"725708b\" data-element_type=\"widget\" data-widget_type=\"text-editor.default\">\n\t\t\t\t\t\t\t\t\t<h3>Latest projects<\/h3>\t\t\t\t\t\t\t\t<\/div>\n\t\t\t\t<div class=\"elementor-element elementor-element-19cafb0 elementor-widget-divider--view-line elementor-widget elementor-widget-divider\" data-id=\"19cafb0\" data-element_type=\"widget\" data-widget_type=\"divider.default\">\n\t\t\t\t\t\t\t<div class=\"elementor-divider\">\n\t\t\t<span class=\"elementor-divider-separator\">\n\t\t\t\t\t\t<\/span>\n\t\t<\/div>\n\t\t\t\t\t\t<\/div>\n\t\t\t\t\t<\/div>\n\t\t<\/div>\n\t\t\t\t\t<\/div>\n\t\t<\/section>\n\t\t\t\t<section class=\"elementor-section elementor-top-section elementor-element elementor-element-ec3edd2 elementor-section-full_width qode_elementor_container_inner elementor-section-height-default elementor-section-height-default parallax_section_no\" data-id=\"ec3edd2\" data-element_type=\"section\">\n\t\t\t\t\t\t<div class=\"elementor-container elementor-column-gap-no\">\n\t\t\t\t\t<div class=\"elementor-column elementor-col-50 elementor-top-column elementor-element elementor-element-c28aaed\" data-id=\"c28aaed\" data-element_type=\"column\">\n\t\t\t<div class=\"elementor-widget-wrap elementor-element-populated\">\n\t\t\t\t\t\t<div class=\"elementor-element elementor-element-460a1de elementor-widget elementor-widget-bridge_video_box\" data-id=\"460a1de\" data-element_type=\"widget\" data-widget_type=\"bridge_video_box.default\">\n\t\t\t\t<div class=\"elementor-widget-container\">\n\t\t\t\t\t<div class=\"qode_video_box disabled_hover_overlay disabled_hover_zoom\">\n\t<a itemprop=\"image\" class=\"qode_video_image\" href=\"https:\/\/www.youtube.com\/watch?v=3aOjf3inFSQ\" data-rel=\"prettyPhoto\">\n\t\t\t\t\t<img decoding=\"async\" width=\"1280\" height=\"720\" src=\"https:\/\/echoeseffect.com\/wp-content\/uploads\/2025\/11\/Melissa-1.jpg\" class=\"attachment-full size-full\" alt=\"\" srcset=\"https:\/\/echoeseffect.com\/wp-content\/uploads\/2025\/11\/Melissa-1.jpg 1280w, https:\/\/echoeseffect.com\/wp-content\/uploads\/2025\/11\/Melissa-1-300x169.jpg 300w, https:\/\/echoeseffect.com\/wp-content\/uploads\/2025\/11\/Melissa-1-1024x576.jpg 1024w, https:\/\/echoeseffect.com\/wp-content\/uploads\/2025\/11\/Melissa-1-768x432.jpg 768w, https:\/\/echoeseffect.com\/wp-content\/uploads\/2025\/11\/Melissa-1-18x10.jpg 18w, https:\/\/echoeseffect.com\/wp-content\/uploads\/2025\/11\/Melissa-1-700x394.jpg 700w, https:\/\/echoeseffect.com\/wp-content\/uploads\/2025\/11\/Melissa-1-539x303.jpg 539w\" sizes=\"(max-width: 1280px) 100vw, 1280px\" \/>\t\t\t<span class=\"qode_video_box_button_holder\">\n\t\t\t\t<span class=\"qode_video_box_button\">\n\t\t\t\t\t<span class=\"qode_video_box_button_arrow\">\n\t\t\t\t\t<\/span>\n\t\t\t\t<\/span>\n\t\t\t<\/span>\n\t\t\t<\/a>\n<\/div>\t\t\t\t<\/div>\n\t\t\t\t<\/div>\n\t\t\t\t\t<\/div>\n\t\t<\/div>\n\t\t\t\t<div class=\"elementor-column elementor-col-50 elementor-top-column elementor-element elementor-element-8b390af\" data-id=\"8b390af\" data-element_type=\"column\">\n\t\t\t<div class=\"elementor-widget-wrap elementor-element-populated\">\n\t\t\t\t\t\t<div class=\"elementor-element elementor-element-57250ba elementor-widget elementor-widget-bridge_video_box\" data-id=\"57250ba\" data-element_type=\"widget\" data-widget_type=\"bridge_video_box.default\">\n\t\t\t\t<div class=\"elementor-widget-container\">\n\t\t\t\t\t<div class=\"qode_video_box disabled_hover_overlay disabled_hover_zoom\">\n\t<a itemprop=\"image\" class=\"qode_video_image\" href=\"https:\/\/www.youtube.com\/watch?v=AYqJBVQi71U&#038;t=3s\" data-rel=\"prettyPhoto\">\n\t\t\t\t\t<img decoding=\"async\" width=\"1280\" height=\"720\" src=\"https:\/\/echoeseffect.com\/wp-content\/uploads\/2025\/11\/future-stars.jpg\" class=\"attachment-full size-full\" alt=\"\" srcset=\"https:\/\/echoeseffect.com\/wp-content\/uploads\/2025\/11\/future-stars.jpg 1280w, https:\/\/echoeseffect.com\/wp-content\/uploads\/2025\/11\/future-stars-300x169.jpg 300w, https:\/\/echoeseffect.com\/wp-content\/uploads\/2025\/11\/future-stars-1024x576.jpg 1024w, https:\/\/echoeseffect.com\/wp-content\/uploads\/2025\/11\/future-stars-768x432.jpg 768w, https:\/\/echoeseffect.com\/wp-content\/uploads\/2025\/11\/future-stars-18x10.jpg 18w, https:\/\/echoeseffect.com\/wp-content\/uploads\/2025\/11\/future-stars-700x394.jpg 700w, https:\/\/echoeseffect.com\/wp-content\/uploads\/2025\/11\/future-stars-539x303.jpg 539w\" sizes=\"(max-width: 1280px) 100vw, 1280px\" \/>\t\t\t<span class=\"qode_video_box_button_holder\">\n\t\t\t\t<span class=\"qode_video_box_button\">\n\t\t\t\t\t<span class=\"qode_video_box_button_arrow\">\n\t\t\t\t\t<\/span>\n\t\t\t\t<\/span>\n\t\t\t<\/span>\n\t\t\t<\/a>\n<\/div>\t\t\t\t<\/div>\n\t\t\t\t<\/div>\n\t\t\t\t\t<\/div>\n\t\t<\/div>\n\t\t\t\t\t<\/div>\n\t\t<\/section>\n\t\t\t\t<section class=\"elementor-section elementor-top-section elementor-element elementor-element-079bcd7 elementor-section-full_width qode_elementor_container_inner elementor-section-height-default elementor-section-height-default parallax_section_no\" data-id=\"079bcd7\" data-element_type=\"section\">\n\t\t\t\t\t\t<div class=\"elementor-container elementor-column-gap-no\">\n\t\t\t\t\t<div class=\"elementor-column elementor-col-50 elementor-top-column elementor-element elementor-element-a793d23\" data-id=\"a793d23\" data-element_type=\"column\">\n\t\t\t<div class=\"elementor-widget-wrap elementor-element-populated\">\n\t\t\t\t\t\t<div class=\"elementor-element elementor-element-78ba83b elementor-widget elementor-widget-bridge_video_box\" data-id=\"78ba83b\" data-element_type=\"widget\" data-widget_type=\"bridge_video_box.default\">\n\t\t\t\t<div class=\"elementor-widget-container\">\n\t\t\t\t\t<div class=\"qode_video_box disabled_hover_overlay disabled_hover_zoom\">\n\t<a itemprop=\"image\" class=\"qode_video_image\" href=\"https:\/\/www.youtube.com\/watch?v=V4X58-BQJoM\" data-rel=\"prettyPhoto\">\n\t\t\t\t\t<img loading=\"lazy\" decoding=\"async\" width=\"1280\" height=\"720\" src=\"https:\/\/echoeseffect.com\/wp-content\/uploads\/2025\/11\/DL-FINAL.jpg\" class=\"attachment-full size-full\" alt=\"\" srcset=\"https:\/\/echoeseffect.com\/wp-content\/uploads\/2025\/11\/DL-FINAL.jpg 1280w, https:\/\/echoeseffect.com\/wp-content\/uploads\/2025\/11\/DL-FINAL-300x169.jpg 300w, https:\/\/echoeseffect.com\/wp-content\/uploads\/2025\/11\/DL-FINAL-1024x576.jpg 1024w, https:\/\/echoeseffect.com\/wp-content\/uploads\/2025\/11\/DL-FINAL-768x432.jpg 768w, https:\/\/echoeseffect.com\/wp-content\/uploads\/2025\/11\/DL-FINAL-18x10.jpg 18w, https:\/\/echoeseffect.com\/wp-content\/uploads\/2025\/11\/DL-FINAL-700x394.jpg 700w, https:\/\/echoeseffect.com\/wp-content\/uploads\/2025\/11\/DL-FINAL-539x303.jpg 539w\" sizes=\"(max-width: 1280px) 100vw, 1280px\" \/>\t\t\t<span class=\"qode_video_box_button_holder\">\n\t\t\t\t<span class=\"qode_video_box_button\">\n\t\t\t\t\t<span class=\"qode_video_box_button_arrow\">\n\t\t\t\t\t<\/span>\n\t\t\t\t<\/span>\n\t\t\t<\/span>\n\t\t\t<\/a>\n<\/div>\t\t\t\t<\/div>\n\t\t\t\t<\/div>\n\t\t\t\t\t<\/div>\n\t\t<\/div>\n\t\t\t\t<div class=\"elementor-column elementor-col-50 elementor-top-column elementor-element elementor-element-77857d5\" data-id=\"77857d5\" data-element_type=\"column\">\n\t\t\t<div class=\"elementor-widget-wrap elementor-element-populated\">\n\t\t\t\t\t\t<div class=\"elementor-element elementor-element-e85041c elementor-widget elementor-widget-bridge_video_box\" data-id=\"e85041c\" data-element_type=\"widget\" data-widget_type=\"bridge_video_box.default\">\n\t\t\t\t<div class=\"elementor-widget-container\">\n\t\t\t\t\t<div class=\"qode_video_box disabled_hover_overlay disabled_hover_zoom\">\n\t<a itemprop=\"image\" class=\"qode_video_image\" href=\"https:\/\/www.youtube.com\/watch?v=7m_sUbHmWNQ\" data-rel=\"prettyPhoto\">\n\t\t\t\t\t<img loading=\"lazy\" decoding=\"async\" width=\"1280\" height=\"720\" src=\"https:\/\/echoeseffect.com\/wp-content\/uploads\/2025\/11\/Oblique.jpg\" class=\"attachment-full size-full\" alt=\"\" srcset=\"https:\/\/echoeseffect.com\/wp-content\/uploads\/2025\/11\/Oblique.jpg 1280w, https:\/\/echoeseffect.com\/wp-content\/uploads\/2025\/11\/Oblique-300x169.jpg 300w, https:\/\/echoeseffect.com\/wp-content\/uploads\/2025\/11\/Oblique-1024x576.jpg 1024w, https:\/\/echoeseffect.com\/wp-content\/uploads\/2025\/11\/Oblique-768x432.jpg 768w, https:\/\/echoeseffect.com\/wp-content\/uploads\/2025\/11\/Oblique-18x10.jpg 18w, https:\/\/echoeseffect.com\/wp-content\/uploads\/2025\/11\/Oblique-700x394.jpg 700w, https:\/\/echoeseffect.com\/wp-content\/uploads\/2025\/11\/Oblique-539x303.jpg 539w\" sizes=\"(max-width: 1280px) 100vw, 1280px\" \/>\t\t\t<span class=\"qode_video_box_button_holder\">\n\t\t\t\t<span class=\"qode_video_box_button\">\n\t\t\t\t\t<span class=\"qode_video_box_button_arrow\">\n\t\t\t\t\t<\/span>\n\t\t\t\t<\/span>\n\t\t\t<\/span>\n\t\t\t<\/a>\n<\/div>\t\t\t\t<\/div>\n\t\t\t\t<\/div>\n\t\t\t\t\t<\/div>\n\t\t<\/div>\n\t\t\t\t\t<\/div>\n\t\t<\/section>\n\t\t\t\t<section class=\"elementor-section elementor-top-section elementor-element elementor-element-31d8559 elementor-section-full_width qode_elementor_container_inner elementor-section-height-default elementor-section-height-default parallax_section_no\" data-id=\"31d8559\" data-element_type=\"section\">\n\t\t\t\t\t\t<div class=\"elementor-container elementor-column-gap-no\">\n\t\t\t\t\t<div class=\"elementor-column elementor-col-50 elementor-top-column elementor-element elementor-element-13058d4\" data-id=\"13058d4\" data-element_type=\"column\">\n\t\t\t<div class=\"elementor-widget-wrap elementor-element-populated\">\n\t\t\t\t\t\t<div class=\"elementor-element elementor-element-6c87089 elementor-widget elementor-widget-bridge_video_box\" data-id=\"6c87089\" data-element_type=\"widget\" data-widget_type=\"bridge_video_box.default\">\n\t\t\t\t<div class=\"elementor-widget-container\">\n\t\t\t\t\t<div class=\"qode_video_box disabled_hover_overlay disabled_hover_zoom\">\n\t<a itemprop=\"image\" class=\"qode_video_image\" href=\"https:\/\/www.youtube.com\/watch?v=Lrryz-cPIKc\" data-rel=\"prettyPhoto\">\n\t\t\t\t\t<img loading=\"lazy\" decoding=\"async\" width=\"1280\" height=\"720\" src=\"https:\/\/echoeseffect.com\/wp-content\/uploads\/2025\/11\/Manolo-Tokyo.jpg\" class=\"attachment-full size-full\" alt=\"\" srcset=\"https:\/\/echoeseffect.com\/wp-content\/uploads\/2025\/11\/Manolo-Tokyo.jpg 1280w, https:\/\/echoeseffect.com\/wp-content\/uploads\/2025\/11\/Manolo-Tokyo-300x169.jpg 300w, https:\/\/echoeseffect.com\/wp-content\/uploads\/2025\/11\/Manolo-Tokyo-1024x576.jpg 1024w, https:\/\/echoeseffect.com\/wp-content\/uploads\/2025\/11\/Manolo-Tokyo-768x432.jpg 768w, https:\/\/echoeseffect.com\/wp-content\/uploads\/2025\/11\/Manolo-Tokyo-18x10.jpg 18w, https:\/\/echoeseffect.com\/wp-content\/uploads\/2025\/11\/Manolo-Tokyo-700x394.jpg 700w, https:\/\/echoeseffect.com\/wp-content\/uploads\/2025\/11\/Manolo-Tokyo-539x303.jpg 539w\" sizes=\"(max-width: 1280px) 100vw, 1280px\" \/>\t\t\t<span class=\"qode_video_box_button_holder\">\n\t\t\t\t<span class=\"qode_video_box_button\">\n\t\t\t\t\t<span class=\"qode_video_box_button_arrow\">\n\t\t\t\t\t<\/span>\n\t\t\t\t<\/span>\n\t\t\t<\/span>\n\t\t\t<\/a>\n<\/div>\t\t\t\t<\/div>\n\t\t\t\t<\/div>\n\t\t\t\t\t<\/div>\n\t\t<\/div>\n\t\t\t\t<div class=\"elementor-column elementor-col-50 elementor-top-column elementor-element elementor-element-fb294b0\" data-id=\"fb294b0\" data-element_type=\"column\">\n\t\t\t<div class=\"elementor-widget-wrap elementor-element-populated\">\n\t\t\t\t\t\t<div class=\"elementor-element elementor-element-8aecce3 elementor-widget elementor-widget-bridge_video_box\" data-id=\"8aecce3\" data-element_type=\"widget\" data-widget_type=\"bridge_video_box.default\">\n\t\t\t\t<div class=\"elementor-widget-container\">\n\t\t\t\t\t<div class=\"qode_video_box disabled_hover_overlay disabled_hover_zoom\">\n\t<a itemprop=\"image\" class=\"qode_video_image\" href=\"https:\/\/www.youtube.com\/watch?v=vA0536yQnuk\" data-rel=\"prettyPhoto\">\n\t\t\t\t\t<img loading=\"lazy\" decoding=\"async\" width=\"1280\" height=\"720\" src=\"https:\/\/echoeseffect.com\/wp-content\/uploads\/2025\/11\/Monaco-DL.jpg\" class=\"attachment-full size-full\" alt=\"\" srcset=\"https:\/\/echoeseffect.com\/wp-content\/uploads\/2025\/11\/Monaco-DL.jpg 1280w, https:\/\/echoeseffect.com\/wp-content\/uploads\/2025\/11\/Monaco-DL-300x169.jpg 300w, https:\/\/echoeseffect.com\/wp-content\/uploads\/2025\/11\/Monaco-DL-1024x576.jpg 1024w, https:\/\/echoeseffect.com\/wp-content\/uploads\/2025\/11\/Monaco-DL-768x432.jpg 768w, https:\/\/echoeseffect.com\/wp-content\/uploads\/2025\/11\/Monaco-DL-18x10.jpg 18w, https:\/\/echoeseffect.com\/wp-content\/uploads\/2025\/11\/Monaco-DL-700x394.jpg 700w, https:\/\/echoeseffect.com\/wp-content\/uploads\/2025\/11\/Monaco-DL-539x303.jpg 539w\" sizes=\"(max-width: 1280px) 100vw, 1280px\" \/>\t\t\t<span class=\"qode_video_box_button_holder\">\n\t\t\t\t<span class=\"qode_video_box_button\">\n\t\t\t\t\t<span class=\"qode_video_box_button_arrow\">\n\t\t\t\t\t<\/span>\n\t\t\t\t<\/span>\n\t\t\t<\/span>\n\t\t\t<\/a>\n<\/div>\t\t\t\t<\/div>\n\t\t\t\t<\/div>\n\t\t\t\t\t<\/div>\n\t\t<\/div>\n\t\t\t\t\t<\/div>\n\t\t<\/section>\n\t\t\t\t<\/div>","protected":false},"excerpt":{"rendered":"<p>Marta Gorczy\u0144ska Poland | IOC Young Leader | Videography &amp; Photography Ca\u0142y projekt powsta\u0142 z prostego przekonania, \u017ce je\u015bli uda si\u0119 zainspirowa\u0107 cho\u0107 jedn\u0105 osob\u0119 do opowiedzenia znacz\u0105cej historii &#8211; to ju\u017c b\u0119dzie sukces. \u00a0 Od trenowania chodu sportowego, przez prac\u0119 jako fotograf sportowy i&#8230;<\/p>","protected":false},"author":1,"featured_media":0,"parent":146,"menu_order":0,"comment_status":"closed","ping_status":"closed","template":"full_width.php","meta":{"footnotes":""},"class_list":["post-168","page","type-page","status-publish","hentry"],"_links":{"self":[{"href":"https:\/\/echoeseffect.com\/en\/wp-json\/wp\/v2\/pages\/168","targetHints":{"allow":["GET"]}}],"collection":[{"href":"https:\/\/echoeseffect.com\/en\/wp-json\/wp\/v2\/pages"}],"about":[{"href":"https:\/\/echoeseffect.com\/en\/wp-json\/wp\/v2\/types\/page"}],"author":[{"embeddable":true,"href":"https:\/\/echoeseffect.com\/en\/wp-json\/wp\/v2\/users\/1"}],"replies":[{"embeddable":true,"href":"https:\/\/echoeseffect.com\/en\/wp-json\/wp\/v2\/comments?post=168"}],"version-history":[{"count":123,"href":"https:\/\/echoeseffect.com\/en\/wp-json\/wp\/v2\/pages\/168\/revisions"}],"predecessor-version":[{"id":1399,"href":"https:\/\/echoeseffect.com\/en\/wp-json\/wp\/v2\/pages\/168\/revisions\/1399"}],"up":[{"embeddable":true,"href":"https:\/\/echoeseffect.com\/en\/wp-json\/wp\/v2\/pages\/146"}],"wp:attachment":[{"href":"https:\/\/echoeseffect.com\/en\/wp-json\/wp\/v2\/media?parent=168"}],"curies":[{"name":"wp","href":"https:\/\/api.w.org\/{rel}","templated":true}]}}