{"id":174,"date":"2020-03-31T08:40:13","date_gmt":"2020-03-31T08:40:13","guid":{"rendered":"https:\/\/bridge350.qodeinteractive.com\/?page_id=174"},"modified":"2026-04-09T07:58:14","modified_gmt":"2026-04-09T07:58:14","slug":"contact","status":"publish","type":"page","link":"https:\/\/echoeseffect.com\/en\/contact\/","title":{"rendered":"Contact"},"content":{"rendered":"<div data-elementor-type=\"wp-page\" data-elementor-id=\"174\" class=\"elementor elementor-174\">\n\t\t\t\t\t\t<section class=\"elementor-section elementor-top-section elementor-element elementor-element-53dc71b6 qode_elementor_container_inner elementor-section-boxed elementor-section-height-default elementor-section-height-default parallax_section_no\" data-id=\"53dc71b6\" data-element_type=\"section\">\n\t\t\t\t\t\t<div class=\"elementor-container elementor-column-gap-no\">\n\t\t\t\t\t<div class=\"elementor-column elementor-col-100 elementor-top-column elementor-element elementor-element-5ed190b3\" data-id=\"5ed190b3\" data-element_type=\"column\">\n\t\t\t<div class=\"elementor-widget-wrap elementor-element-populated\">\n\t\t\t\t\t\t<div class=\"elementor-element elementor-element-24c9b18a elementor-widget elementor-widget-text-editor\" data-id=\"24c9b18a\" data-element_type=\"widget\" data-widget_type=\"text-editor.default\">\n\t\t\t\t\t\t\t\t\t<h3>Contact<\/h3>\t\t\t\t\t\t\t\t<\/div>\n\t\t\t\t<div class=\"elementor-element elementor-element-83a5139 elementor-widget-divider--view-line elementor-widget elementor-widget-divider\" data-id=\"83a5139\" data-element_type=\"widget\" data-widget_type=\"divider.default\">\n\t\t\t\t\t\t\t<div class=\"elementor-divider\">\n\t\t\t<span class=\"elementor-divider-separator\">\n\t\t\t\t\t\t<\/span>\n\t\t<\/div>\n\t\t\t\t\t\t<\/div>\n\t\t\t\t\t<\/div>\n\t\t<\/div>\n\t\t\t\t\t<\/div>\n\t\t<\/section>\n\t\t\t\t<section class=\"elementor-section elementor-top-section elementor-element elementor-element-06049f0 qode_elementor_container_inner elementor-section-boxed elementor-section-height-default elementor-section-height-default parallax_section_no\" data-id=\"06049f0\" data-element_type=\"section\">\n\t\t\t\t\t\t<div class=\"elementor-container elementor-column-gap-no\">\n\t\t\t\t\t<div class=\"elementor-column elementor-col-50 elementor-top-column elementor-element elementor-element-ef7a20e\" data-id=\"ef7a20e\" data-element_type=\"column\">\n\t\t\t<div class=\"elementor-widget-wrap elementor-element-populated\">\n\t\t\t\t\t\t<div class=\"elementor-element elementor-element-41904e2 elementor-widget elementor-widget-text-editor\" data-id=\"41904e2\" data-element_type=\"widget\" data-widget_type=\"text-editor.default\">\n\t\t\t\t\t\t\t\t\t<h6>Whether you\u2019re an athlete who wants to share your story, someone interested in sports media, or you\u2019d like to organize workshops in your school or sports club \u2013 reach out!<\/h6><div style=\"position: absolute; filter: alpha(opacity=0); opacity: 0.001; z-index: 10;\"><a href=\"https:\/\/www.replicarolexuhr.to\/produkt-kategorie\/sky-dweller\/\"><strong>replica rolex sky dweller<\/strong><\/a><\/div><h6>And if you just have feedback or an idea to share, we\u2019d love to hear from you.<\/h6>\t\t\t\t\t\t\t\t<\/div>\n\t\t\t\t<div class=\"elementor-element elementor-element-11a0bc6 elementor-widget elementor-widget-text-editor\" data-id=\"11a0bc6\" data-element_type=\"widget\" data-widget_type=\"text-editor.default\">\n\t\t\t\t\t\t\t\t\t<h5>Follow us:<\/h5>\t\t\t\t\t\t\t\t<\/div>\n\t\t\t\t<div class=\"elementor-element elementor-element-b063d65 elementor-widget__width-auto elementor-widget elementor-widget-bridge_social_icons\" data-id=\"b063d65\" data-element_type=\"widget\" data-widget_type=\"bridge_social_icons.default\">\n\t\t\t\t<div class=\"elementor-widget-container\">\n\t\t\t\t\t<span class='q_social_icon_holder normal_social' data-color=\"#FFFFFF\" data-hover-color=\"rgba(255,255,255,0.3)\"><a itemprop='url' href='https:\/\/www.instagram.com\/echoeseffect\/' target='_blank'><span aria-hidden=\"true\" class=\"qode_icon_font_elegant social_instagram  simple_social\" style=\"color: #FFFFFF;margin: 0 18px 0 0;font-size: 13px;\" ><\/span><\/a><\/span>\t\t\t\t<\/div>\n\t\t\t\t<\/div>\n\t\t\t\t<div class=\"elementor-element elementor-element-d1eaa8e elementor-widget__width-auto elementor-widget elementor-widget-bridge_social_icons\" data-id=\"d1eaa8e\" data-element_type=\"widget\" data-widget_type=\"bridge_social_icons.default\">\n\t\t\t\t<div class=\"elementor-widget-container\">\n\t\t\t\t\t<span class='q_social_icon_holder normal_social' data-color=\"#FFFFFF\" data-hover-color=\"rgba(255,255,255,0.3)\"><a itemprop='url' href='https:\/\/www.facebook.com\/echoeseffect' target='_blank'><span aria-hidden=\"true\" class=\"qode_icon_font_elegant social_facebook  simple_social\" style=\"color: #FFFFFF;margin: 0 18px 0 0;font-size: 13px;\" ><\/span><\/a><\/span>\t\t\t\t<\/div>\n\t\t\t\t<\/div>\n\t\t\t\t<div class=\"elementor-element elementor-element-2495abb elementor-widget__width-auto elementor-widget elementor-widget-bridge_social_icons\" data-id=\"2495abb\" data-element_type=\"widget\" data-widget_type=\"bridge_social_icons.default\">\n\t\t\t\t<div class=\"elementor-widget-container\">\n\t\t\t\t\t<span class='q_social_icon_holder normal_social' data-color=\"#FFFFFF\" data-hover-color=\"rgba(255,255,255,0.3)\"><a itemprop='url' href='https:\/\/www.linkedin.com\/in\/martagorczynska' target='_blank'><span aria-hidden=\"true\" class=\"qode_icon_font_elegant social_linkedin  simple_social\" style=\"color: #FFFFFF;margin: 0 18px 0 0;font-size: 13px;\" ><\/span><\/a><\/span>\t\t\t\t<\/div>\n\t\t\t\t<\/div>\n\t\t\t\t<div class=\"elementor-element elementor-element-691e6c2 elementor-widget__width-auto elementor-widget elementor-widget-bridge_social_icons\" data-id=\"691e6c2\" data-element_type=\"widget\" data-widget_type=\"bridge_social_icons.default\">\n\t\t\t\t<div class=\"elementor-widget-container\">\n\t\t\t\t\t<span class='q_social_icon_holder normal_social' data-color=\"#FFFFFF\" data-hover-color=\"rgba(255,255,255,0.3)\"><a itemprop='url' href='https:\/\/www.youtube.com\/@EchoesEffect' target='_blank'><span aria-hidden=\"true\" class=\"qode_icon_font_elegant social_youtube  simple_social\" style=\"color: #FFFFFF;margin: 0 18px 0 0;font-size: 13px;\" ><\/span><\/a><\/span>\t\t\t\t<\/div>\n\t\t\t\t<\/div>\n\t\t\t\t\t<\/div>\n\t\t<\/div>\n\t\t\t\t<div class=\"elementor-column elementor-col-50 elementor-top-column elementor-element elementor-element-b9d48ea\" data-id=\"b9d48ea\" data-element_type=\"column\">\n\t\t\t<div class=\"elementor-widget-wrap elementor-element-populated\">\n\t\t\t\t\t\t<div class=\"elementor-element elementor-element-ce164eb elementor-widget elementor-widget-text-editor\" data-id=\"ce164eb\" data-element_type=\"widget\" data-widget_type=\"text-editor.default\">\n\t\t\t\t\t\t\t\t\t<h6>Email<\/h6>\t\t\t\t\t\t\t\t<\/div>\n\t\t\t\t<div class=\"elementor-element elementor-element-eccc990 elementor-widget elementor-widget-text-editor\" data-id=\"eccc990\" data-element_type=\"widget\" data-widget_type=\"text-editor.default\">\n\t\t\t\t\t\t\t\t\t<h5><a href=\"mailto:contact@echoeseffect.com\">contact@echoeseffect.com<\/a><\/h5>\t\t\t\t\t\t\t\t<\/div>\n\t\t\t\t\t<\/div>\n\t\t<\/div>\n\t\t\t\t\t<\/div>\n\t\t<\/section>\n\t\t\t\t<\/div>","protected":false},"excerpt":{"rendered":"<p>Kontakt Niezale\u017cnie czy jeste\u015b sportowcem i chcesz zainspirowa\u0107 kogo\u015b swoj\u0105 histori\u0105, osob\u0105 zainteresowan\u0105 mediami sportowymi, lub chcesz zorganizowa\u0107 warsztaty w swojej szkole lub klubie sportowym, odezwij si\u0119! replica rolex sky dweller A je\u015bli po prostu masz opini\u0119 lub sugesti\u0119 na temat projektu &#8211; podziel si\u0119&#8230;<\/p>","protected":false},"author":1,"featured_media":0,"parent":0,"menu_order":0,"comment_status":"closed","ping_status":"closed","template":"full_width.php","meta":{"footnotes":""},"class_list":["post-174","page","type-page","status-publish","hentry"],"_links":{"self":[{"href":"https:\/\/echoeseffect.com\/en\/wp-json\/wp\/v2\/pages\/174","targetHints":{"allow":["GET"]}}],"collection":[{"href":"https:\/\/echoeseffect.com\/en\/wp-json\/wp\/v2\/pages"}],"about":[{"href":"https:\/\/echoeseffect.com\/en\/wp-json\/wp\/v2\/types\/page"}],"author":[{"embeddable":true,"href":"https:\/\/echoeseffect.com\/en\/wp-json\/wp\/v2\/users\/1"}],"replies":[{"embeddable":true,"href":"https:\/\/echoeseffect.com\/en\/wp-json\/wp\/v2\/comments?post=174"}],"version-history":[{"count":39,"href":"https:\/\/echoeseffect.com\/en\/wp-json\/wp\/v2\/pages\/174\/revisions"}],"predecessor-version":[{"id":1405,"href":"https:\/\/echoeseffect.com\/en\/wp-json\/wp\/v2\/pages\/174\/revisions\/1405"}],"wp:attachment":[{"href":"https:\/\/echoeseffect.com\/en\/wp-json\/wp\/v2\/media?parent=174"}],"curies":[{"name":"wp","href":"https:\/\/api.w.org\/{rel}","templated":true}]}}