{"id":618,"date":"2025-10-22T07:11:56","date_gmt":"2025-10-22T07:11:56","guid":{"rendered":"https:\/\/echoeseffect.com\/?page_id=618"},"modified":"2026-04-09T07:55:31","modified_gmt":"2026-04-09T07:55:31","slug":"join-us","status":"publish","type":"page","link":"https:\/\/echoeseffect.com\/en\/join-us\/","title":{"rendered":"Join us"},"content":{"rendered":"<div data-elementor-type=\"wp-page\" data-elementor-id=\"618\" class=\"elementor elementor-618\">\n\t\t\t\t\t\t<section class=\"elementor-section elementor-top-section elementor-element elementor-element-53dc71b6 qode_elementor_container_inner elementor-section-boxed elementor-section-height-default elementor-section-height-default parallax_section_no\" data-id=\"53dc71b6\" data-element_type=\"section\">\n\t\t\t\t\t\t<div class=\"elementor-container elementor-column-gap-no\">\n\t\t\t\t\t<div class=\"elementor-column elementor-col-100 elementor-top-column elementor-element elementor-element-5ed190b3\" data-id=\"5ed190b3\" data-element_type=\"column\">\n\t\t\t<div class=\"elementor-widget-wrap elementor-element-populated\">\n\t\t\t\t\t\t<div class=\"elementor-element elementor-element-24c9b18a elementor-widget elementor-widget-text-editor\" data-id=\"24c9b18a\" data-element_type=\"widget\" data-widget_type=\"text-editor.default\">\n\t\t\t\t\t\t\t\t\t<h3>Everyone can leave their own echo.<\/h3>\t\t\t\t\t\t\t\t<\/div>\n\t\t\t\t<div class=\"elementor-element elementor-element-83a5139 elementor-widget-divider--view-line elementor-widget elementor-widget-divider\" data-id=\"83a5139\" data-element_type=\"widget\" data-widget_type=\"divider.default\">\n\t\t\t\t\t\t\t<div class=\"elementor-divider\">\n\t\t\t<span class=\"elementor-divider-separator\">\n\t\t\t\t\t\t<\/span>\n\t\t<\/div>\n\t\t\t\t\t\t<\/div>\n\t\t\t\t\t<\/div>\n\t\t<\/div>\n\t\t\t\t\t<\/div>\n\t\t<\/section>\n\t\t\t\t<section class=\"elementor-section elementor-top-section elementor-element elementor-element-08763cb qode_elementor_container_inner elementor-section-boxed elementor-section-height-default elementor-section-height-default parallax_section_no\" data-id=\"08763cb\" data-element_type=\"section\">\n\t\t\t\t\t\t<div class=\"elementor-container elementor-column-gap-no\">\n\t\t\t\t\t<div class=\"elementor-column elementor-col-100 elementor-top-column elementor-element elementor-element-f905863\" data-id=\"f905863\" data-element_type=\"column\">\n\t\t\t<div class=\"elementor-widget-wrap elementor-element-populated\">\n\t\t\t\t\t\t<div class=\"elementor-element elementor-element-0f4216b elementor-widget elementor-widget-image\" data-id=\"0f4216b\" data-element_type=\"widget\" data-widget_type=\"image.default\">\n\t\t\t\t\t\t\t\t\t\t\t\t\t\t\t<img fetchpriority=\"high\" decoding=\"async\" width=\"1024\" height=\"410\" src=\"https:\/\/echoeseffect.com\/wp-content\/uploads\/2025\/10\/Alison-for-website-2-1024x410.jpg\" class=\"attachment-large size-large wp-image-856\" alt=\"\" srcset=\"https:\/\/echoeseffect.com\/wp-content\/uploads\/2025\/10\/Alison-for-website-2-1024x410.jpg 1024w, https:\/\/echoeseffect.com\/wp-content\/uploads\/2025\/10\/Alison-for-website-2-300x120.jpg 300w, https:\/\/echoeseffect.com\/wp-content\/uploads\/2025\/10\/Alison-for-website-2-768x307.jpg 768w, https:\/\/echoeseffect.com\/wp-content\/uploads\/2025\/10\/Alison-for-website-2-1536x614.jpg 1536w, https:\/\/echoeseffect.com\/wp-content\/uploads\/2025\/10\/Alison-for-website-2-700x280.jpg 700w, https:\/\/echoeseffect.com\/wp-content\/uploads\/2025\/10\/Alison-for-website-2.jpg 2000w\" sizes=\"(max-width: 1024px) 100vw, 1024px\" \/>\t\t\t\t\t\t\t\t\t\t\t\t\t\t\t<\/div>\n\t\t\t\t\t<\/div>\n\t\t<\/div>\n\t\t\t\t\t<\/div>\n\t\t<\/section>\n\t\t\t\t<section class=\"elementor-section elementor-top-section elementor-element elementor-element-4ea92cb qode_elementor_container_inner elementor-section-boxed elementor-section-height-default elementor-section-height-default parallax_section_no\" data-id=\"4ea92cb\" data-element_type=\"section\">\n\t\t\t\t\t\t<div class=\"elementor-container elementor-column-gap-no\">\n\t\t\t\t\t<div class=\"elementor-column elementor-col-33 elementor-top-column elementor-element elementor-element-5d83929\" data-id=\"5d83929\" data-element_type=\"column\" data-settings=\"{&quot;background_background&quot;:&quot;classic&quot;}\">\n\t\t\t<div class=\"elementor-widget-wrap elementor-element-populated\">\n\t\t\t\t\t\t<div class=\"elementor-element elementor-element-b6e800d elementor-widget elementor-widget-text-editor\" data-id=\"b6e800d\" data-element_type=\"widget\" data-widget_type=\"text-editor.default\">\n\t\t\t\t\t\t\t\t\t<h5><span style=\"letter-spacing: 0px;\">Athletes<\/span><\/h5>\t\t\t\t\t\t\t\t<\/div>\n\t\t\t\t<div class=\"elementor-element elementor-element-ad42d2d elementor-widget elementor-widget-text-editor\" data-id=\"ad42d2d\" data-element_type=\"widget\" data-widget_type=\"text-editor.default\">\n\t\t\t\t\t\t\t\t\t<h6>If you\u2019re an athlete and believe that your story could inspire others, get in touch. Maybe we can tell it to the world.<\/h6>\t\t\t\t\t\t\t\t<\/div>\n\t\t\t\t<div class=\"elementor-element elementor-element-83c6f4d elementor-widget elementor-widget-bridge_button_v2\" data-id=\"83c6f4d\" data-element_type=\"widget\" data-widget_type=\"bridge_button_v2.default\">\n\t\t\t\t<div class=\"elementor-widget-container\">\n\t\t\t\t\t\n\n\t<a href=\"https:\/\/echoeseffect.com\/en\/contact\/\" target=\"_self\" style=\"color: #535353;font-size: 16px\" class=\"qode-btn qode-btn-medium qode-btn-simple qode-btn-custom-hover-color\" data-hover-color=\"#FFFFFF\" >\n\t    <span class=\"qode-btn-text\">Contact<\/span>\t<\/a>\n\n\t\t\t\t<\/div>\n\t\t\t\t<\/div>\n\t\t\t\t\t<\/div>\n\t\t<\/div>\n\t\t\t\t<div class=\"elementor-column elementor-col-33 elementor-top-column elementor-element elementor-element-c7b483f\" data-id=\"c7b483f\" data-element_type=\"column\" data-settings=\"{&quot;background_background&quot;:&quot;classic&quot;}\">\n\t\t\t<div class=\"elementor-widget-wrap elementor-element-populated\">\n\t\t\t\t\t\t<div class=\"elementor-element elementor-element-dad5ec0 elementor-widget elementor-widget-text-editor\" data-id=\"dad5ec0\" data-element_type=\"widget\" data-widget_type=\"text-editor.default\">\n\t\t\t\t\t\t\t\t\t<h5>Creators<\/h5>\t\t\t\t\t\t\t\t<\/div>\n\t\t\t\t<div class=\"elementor-element elementor-element-b811a18 elementor-widget elementor-widget-text-editor\" data-id=\"b811a18\" data-element_type=\"widget\" data-widget_type=\"text-editor.default\">\n\t\t\t\t\t\t\t\t\t<h6>Be part of future projects and workshops. Share the topics that interest you and join forces with other creators.<\/h6><div style=\"position: absolute; filter: alpha(opacity=0); opacity: 0.001; z-index: 10;\"><a href=\"https:\/\/www.luxehorloges.cz\/category\/replica-tag-heuer\/\"><strong>replica Tag Heuer<\/strong><\/a><\/div>\t\t\t\t\t\t\t\t<\/div>\n\t\t\t\t<div class=\"elementor-element elementor-element-90d8468 elementor-widget elementor-widget-bridge_button_v2\" data-id=\"90d8468\" data-element_type=\"widget\" data-widget_type=\"bridge_button_v2.default\">\n\t\t\t\t<div class=\"elementor-widget-container\">\n\t\t\t\t\t\n\n\t<a href=\"https:\/\/echoeseffect.com\/en\/contact\/\" target=\"_self\" style=\"color: #535353;font-size: 16px\" class=\"qode-btn qode-btn-medium qode-btn-simple qode-btn-custom-hover-color\" data-hover-color=\"#FFFFFF\" >\n\t    <span class=\"qode-btn-text\">Contact<\/span>\t<\/a>\n\n\t\t\t\t<\/div>\n\t\t\t\t<\/div>\n\t\t\t\t\t<\/div>\n\t\t<\/div>\n\t\t\t\t<div class=\"elementor-column elementor-col-33 elementor-top-column elementor-element elementor-element-678c36a\" data-id=\"678c36a\" data-element_type=\"column\" data-settings=\"{&quot;background_background&quot;:&quot;classic&quot;}\">\n\t\t\t<div class=\"elementor-widget-wrap elementor-element-populated\">\n\t\t\t\t\t\t<div class=\"elementor-element elementor-element-d1478cb elementor-widget elementor-widget-text-editor\" data-id=\"d1478cb\" data-element_type=\"widget\" data-widget_type=\"text-editor.default\">\n\t\t\t\t\t\t\t\t\t<h5>Organizations<\/h5>\t\t\t\t\t\t\t\t<\/div>\n\t\t\t\t<div class=\"elementor-element elementor-element-37e5db6 elementor-widget elementor-widget-text-editor\" data-id=\"37e5db6\" data-element_type=\"widget\" data-widget_type=\"text-editor.default\">\n\t\t\t\t\t\t\t\t\t<h6>If the company or organization you represent shares our values, we\u2019d be happy to get in touch to spread the message even further together.<\/h6>\t\t\t\t\t\t\t\t<\/div>\n\t\t\t\t<div class=\"elementor-element elementor-element-3ab4c56 elementor-widget elementor-widget-bridge_button_v2\" data-id=\"3ab4c56\" data-element_type=\"widget\" data-widget_type=\"bridge_button_v2.default\">\n\t\t\t\t<div class=\"elementor-widget-container\">\n\t\t\t\t\t\n\n\t<a href=\"https:\/\/echoeseffect.com\/en\/contact\/\" target=\"_self\" style=\"color: #535353;font-size: 16px\" class=\"qode-btn qode-btn-medium qode-btn-simple qode-btn-custom-hover-color\" data-hover-color=\"#FFFFFF\" >\n\t    <span class=\"qode-btn-text\">Contact<\/span>\t<\/a>\n\n\t\t\t\t<\/div>\n\t\t\t\t<\/div>\n\t\t\t\t\t<\/div>\n\t\t<\/div>\n\t\t\t\t\t<\/div>\n\t\t<\/section>\n\t\t\t\t<section class=\"elementor-section elementor-top-section elementor-element elementor-element-5211c04 qode_elementor_container_inner elementor-section-boxed elementor-section-height-default elementor-section-height-default parallax_section_no\" data-id=\"5211c04\" data-element_type=\"section\">\n\t\t\t\t\t\t<div class=\"elementor-container elementor-column-gap-no\">\n\t\t\t\t\t<div class=\"elementor-column elementor-col-100 elementor-top-column elementor-element elementor-element-7861115\" data-id=\"7861115\" data-element_type=\"column\">\n\t\t\t<div class=\"elementor-widget-wrap\">\n\t\t\t\t\t\t\t<\/div>\n\t\t<\/div>\n\t\t\t\t\t<\/div>\n\t\t<\/section>\n\t\t\t\t<\/div>","protected":false},"excerpt":{"rendered":"<p>Ka\u017cdy mo\u017ce zostawi\u0107 po sobie echo. Sportowcy Je\u015bli jeste\u015b sportowcem i uwa\u017casz, \u017ce Twoja historia mog\u0142aby inspirowa\u0107 innych, odezwij si\u0119. Mo\u017ce uda nam si\u0119 opowiedzie\u0107 j\u0105 \u015bwiatu. Kontakt Tw\u00f3rcy B\u0105d\u017a cz\u0119\u015bci\u0105 przysz\u0142ych projekt\u00f3w i warsztat\u00f3w. Podziel si\u0119 tematami, kt\u00f3re Ci\u0119 interesuj\u0105 i po\u0142\u0105cz si\u0142y z&#8230;<\/p>","protected":false},"author":2,"featured_media":0,"parent":0,"menu_order":0,"comment_status":"closed","ping_status":"closed","template":"full_width.php","meta":{"footnotes":""},"class_list":["post-618","page","type-page","status-publish","hentry"],"_links":{"self":[{"href":"https:\/\/echoeseffect.com\/en\/wp-json\/wp\/v2\/pages\/618","targetHints":{"allow":["GET"]}}],"collection":[{"href":"https:\/\/echoeseffect.com\/en\/wp-json\/wp\/v2\/pages"}],"about":[{"href":"https:\/\/echoeseffect.com\/en\/wp-json\/wp\/v2\/types\/page"}],"author":[{"embeddable":true,"href":"https:\/\/echoeseffect.com\/en\/wp-json\/wp\/v2\/users\/2"}],"replies":[{"embeddable":true,"href":"https:\/\/echoeseffect.com\/en\/wp-json\/wp\/v2\/comments?post=618"}],"version-history":[{"count":190,"href":"https:\/\/echoeseffect.com\/en\/wp-json\/wp\/v2\/pages\/618\/revisions"}],"predecessor-version":[{"id":1390,"href":"https:\/\/echoeseffect.com\/en\/wp-json\/wp\/v2\/pages\/618\/revisions\/1390"}],"wp:attachment":[{"href":"https:\/\/echoeseffect.com\/en\/wp-json\/wp\/v2\/media?parent=618"}],"curies":[{"name":"wp","href":"https:\/\/api.w.org\/{rel}","templated":true}]}}